{"id":118,"date":"2020-08-03T13:08:32","date_gmt":"2020-08-03T11:08:32","guid":{"rendered":"http:\/\/halenbeck-rohlsdorf.info\/?page_id=118"},"modified":"2020-09-05T20:15:26","modified_gmt":"2020-09-05T18:15:26","slug":"ellershagen","status":"publish","type":"page","link":"http:\/\/halenbeck-rohlsdorf.info\/?page_id=118","title":{"rendered":"Ellershagen"},"content":{"rendered":"\n<p>Der Ortsteil Ellershagen, wurde 1517 als w\u00fcste Feldmark\u201cEldershagen\u201c erstmalig urkundlich erw\u00e4hnt. Im Jahr 1928 wurde Ellershagen in die Gemeinde Rohlsdorf eingemeindet.<\/p>\n\n\n\n<p>Die Feldmark wurde bis ins 18. Jahrhundert von Sadenbeck und Rohlsdorf aus bewirtschaftet, bis im Jahre 1754 das Gut errichtet wurde. Das heute noch bestehende Gutshaus wurde im Jahr 1820 errichtet. Im Jahr 1860 bestand das Gut aus dem Gutshof mit 8 Wohn- und 13 Wirtschaftsgeb\u00e4uden, u.a. auch einer Ziegelei.<\/p>\n\n\n\n<p>Der Name Ellershagen wird von \u201eEller\u201c, dem altdeutschen Wort f\u00fcr Erle, abgeleitet. Ellershagen Ausbau wurde in den sp\u00e4ten vierziger Jahren des vergangenen Jahrhunderts durch Neubauern aufgesiedelt, nachdem es in fr\u00fcheren Jahrhunderten bereits verschiedene Phasen der Besiedlung und des W\u00fcstfallens erlebt hatte. Sp\u00e4ter wurde ein Milit\u00e4rst\u00fctzpunkt mit einer Radarstation und Wohnst\u00e4tten sowie Bunkeranlagen angelegt (im Volksmund: \u201eStalins H\u00f6he\u201c).<\/p>\n","protected":false},"excerpt":{"rendered":"<p>Der Ortsteil Ellershagen, wurde 1517 als w\u00fcste Feldmark\u201cEldershagen\u201c erstmalig urkundlich erw\u00e4hnt. Im Jahr 1928 wurde Ellershagen in die Gemeinde Rohlsdorf eingemeindet. Die Feldmark wurde bis ins 18. Jahrhundert von Sadenbeck &hellip; <\/p>\n<p class=\"link-more\"><a href=\"http:\/\/halenbeck-rohlsdorf.info\/?page_id=118\" class=\"more-link\"><span class=\"screen-reader-text\">\u201eEllershagen\u201c<\/span> weiterlesen<\/a><\/p>\n","protected":false},"author":2,"featured_media":0,"parent":74,"menu_order":2,"comment_status":"closed","ping_status":"closed","template":"","meta":{"_EventAllDay":false,"_EventTimezone":"","_EventStartDate":"","_EventEndDate":"","_EventStartDateUTC":"","_EventEndDateUTC":"","_EventShowMap":false,"_EventShowMapLink":false,"_EventURL":"","_EventCost":"","_EventCostDescription":"","_EventCurrencySymbol":"","_EventCurrencyPosition":"","_EventDateTimeSeparator":"","_EventTimeRangeSeparator":"","_EventOrganizerID":[],"_EventVenueID":0,"_OrganizerEmail":"","_OrganizerPhone":"","_OrganizerWebsite":"","_VenueAddress":"","_VenueCity":"","_VenueCountry":"","_VenueProvince":"","_VenueZip":"","_VenuePhone":"","_VenueURL":"","_VenueStateProvince":"","_VenueLat":"","_VenueLng":""},"_links":{"self":[{"href":"http:\/\/halenbeck-rohlsdorf.info\/index.php?rest_route=\/wp\/v2\/pages\/118"}],"collection":[{"href":"http:\/\/halenbeck-rohlsdorf.info\/index.php?rest_route=\/wp\/v2\/pages"}],"about":[{"href":"http:\/\/halenbeck-rohlsdorf.info\/index.php?rest_route=\/wp\/v2\/types\/page"}],"author":[{"embeddable":true,"href":"http:\/\/halenbeck-rohlsdorf.info\/index.php?rest_route=\/wp\/v2\/users\/2"}],"replies":[{"embeddable":true,"href":"http:\/\/halenbeck-rohlsdorf.info\/index.php?rest_route=%2Fwp%2Fv2%2Fcomments&post=118"}],"version-history":[{"count":1,"href":"http:\/\/halenbeck-rohlsdorf.info\/index.php?rest_route=\/wp\/v2\/pages\/118\/revisions"}],"predecessor-version":[{"id":119,"href":"http:\/\/halenbeck-rohlsdorf.info\/index.php?rest_route=\/wp\/v2\/pages\/118\/revisions\/119"}],"up":[{"embeddable":true,"href":"http:\/\/halenbeck-rohlsdorf.info\/index.php?rest_route=\/wp\/v2\/pages\/74"}],"wp:attachment":[{"href":"http:\/\/halenbeck-rohlsdorf.info\/index.php?rest_route=%2Fwp%2Fv2%2Fmedia&parent=118"}],"curies":[{"name":"wp","href":"https:\/\/api.w.org\/{rel}","templated":true}]}}