{"id":136,"date":"2020-09-05T20:03:20","date_gmt":"2020-09-05T18:03:20","guid":{"rendered":"http:\/\/halenbeck-rohlsdorf.info\/?page_id=136"},"modified":"2020-09-05T20:16:45","modified_gmt":"2020-09-05T18:16:45","slug":"warnsdorf","status":"publish","type":"page","link":"http:\/\/halenbeck-rohlsdorf.info\/?page_id=136","title":{"rendered":"Warnsdorf"},"content":{"rendered":"\n<p>Die Ansiedlung Warnsdorf, als \u201eWererstorp\u201c erstmalig erw\u00e4hnt, geh\u00f6rte bis 1752 zur Herrschaft Meyenburg und war w\u00fcstgefallen.<\/p>\n\n\n\n<p>Auf Auf ihr wurde ab Mitte des 18. Jahrhunderts ein Gut errichtet. Das Areal dieses Gutes ist heute noch in Teilen sichtbar: Restauriertes Gutshaus, St\u00e4lle, Scheune und Tagel\u00f6hnerh\u00e4user. Das Gut wechselte mehrfach den Eigent\u00fcmer (u.a. von Rohr, von L\u00fcck, von Marwitz, u.a.). Der ehemalige Gutshof befindet sich heute in Privatbesitz. 1946 wurden im Rahmen der Bodenreform 33 Neubauern, vorwiegend entlang des \u201eFrehner Weges\u201c angesiedelt. Die \u201eWarnsdorfer H\u00f6hen\u201c befinden sich in Richtung Halenbeck. Durch Warnsdorf f\u00fchrt der \u201eElbe-M\u00fcritz-Radweg\u201c.<\/p>\n","protected":false},"excerpt":{"rendered":"<p>Die Ansiedlung Warnsdorf, als \u201eWererstorp\u201c erstmalig erw\u00e4hnt, geh\u00f6rte bis 1752 zur Herrschaft Meyenburg und war w\u00fcstgefallen. Auf Auf ihr wurde ab Mitte des 18. Jahrhunderts ein Gut errichtet. Das Areal &hellip; <\/p>\n<p class=\"link-more\"><a href=\"http:\/\/halenbeck-rohlsdorf.info\/?page_id=136\" class=\"more-link\"><span class=\"screen-reader-text\">\u201eWarnsdorf\u201c<\/span> weiterlesen<\/a><\/p>\n","protected":false},"author":2,"featured_media":0,"parent":74,"menu_order":5,"comment_status":"closed","ping_status":"closed","template":"","meta":{"_EventAllDay":false,"_EventTimezone":"","_EventStartDate":"","_EventEndDate":"","_EventStartDateUTC":"","_EventEndDateUTC":"","_EventShowMap":false,"_EventShowMapLink":false,"_EventURL":"","_EventCost":"","_EventCostDescription":"","_EventCurrencySymbol":"","_EventCurrencyPosition":"","_EventDateTimeSeparator":"","_EventTimeRangeSeparator":"","_EventOrganizerID":[],"_EventVenueID":0,"_OrganizerEmail":"","_OrganizerPhone":"","_OrganizerWebsite":"","_VenueAddress":"","_VenueCity":"","_VenueCountry":"","_VenueProvince":"","_VenueZip":"","_VenuePhone":"","_VenueURL":"","_VenueStateProvince":"","_VenueLat":"","_VenueLng":""},"_links":{"self":[{"href":"http:\/\/halenbeck-rohlsdorf.info\/index.php?rest_route=\/wp\/v2\/pages\/136"}],"collection":[{"href":"http:\/\/halenbeck-rohlsdorf.info\/index.php?rest_route=\/wp\/v2\/pages"}],"about":[{"href":"http:\/\/halenbeck-rohlsdorf.info\/index.php?rest_route=\/wp\/v2\/types\/page"}],"author":[{"embeddable":true,"href":"http:\/\/halenbeck-rohlsdorf.info\/index.php?rest_route=\/wp\/v2\/users\/2"}],"replies":[{"embeddable":true,"href":"http:\/\/halenbeck-rohlsdorf.info\/index.php?rest_route=%2Fwp%2Fv2%2Fcomments&post=136"}],"version-history":[{"count":1,"href":"http:\/\/halenbeck-rohlsdorf.info\/index.php?rest_route=\/wp\/v2\/pages\/136\/revisions"}],"predecessor-version":[{"id":137,"href":"http:\/\/halenbeck-rohlsdorf.info\/index.php?rest_route=\/wp\/v2\/pages\/136\/revisions\/137"}],"up":[{"embeddable":true,"href":"http:\/\/halenbeck-rohlsdorf.info\/index.php?rest_route=\/wp\/v2\/pages\/74"}],"wp:attachment":[{"href":"http:\/\/halenbeck-rohlsdorf.info\/index.php?rest_route=%2Fwp%2Fv2%2Fmedia&parent=136"}],"curies":[{"name":"wp","href":"https:\/\/api.w.org\/{rel}","templated":true}]}}