{"id":74,"date":"2020-07-07T16:17:57","date_gmt":"2020-07-07T14:17:57","guid":{"rendered":"http:\/\/halenbeck-rohlsdorf.info\/?page_id=74"},"modified":"2020-11-10T21:27:32","modified_gmt":"2020-11-10T20:27:32","slug":"unsere-doerfer","status":"publish","type":"page","link":"http:\/\/halenbeck-rohlsdorf.info\/?page_id=74","title":{"rendered":"Unsere D\u00f6rfer"},"content":{"rendered":"\n<h2>Herzlich Willkommen in der Gemeinde Halenbeck-Rohlsdorf<\/h2>\n\n\n\n<p>Die Gemeinde Halenbeck-Rohlsdorf liegt jeweils ca. 16 km nord\u00f6stlich der Stadt Pritzwalk und nordwestlich von Wittstock \/ Dosse im Nordosten des Landkreises Prignitz. Im Jahr 2001 stimmten die B\u00fcrger von Halenbeck und Rohlsdorf mehrheitlich f\u00fcr die Fusion der beiden Gemeinden- Am 18.10.2001 wurden die offiziellen Dokumente zur Bildung der Gemeinde Halenbeck-Rohlsdorf im Verwaltungsgeb\u00e4ude des Amtes Pritzwalk Land unterzeichnet. Nach Aufl\u00f6sung des Amtes Pritzwalk-Land im Jahr 2002 wird Halenbeck-Rohlsdorf vom Amt Meyenburg verwaltet.<\/p>\n\n\n\n<p>Zur Gemeinde Halenbeck-Rohlsdorf geh\u00f6ren die Gemeindeteile Halenbeck, Rohlsdorf, Br\u00fcgge, Warnsdorf und Ellershagen mit einer Gesamtfl\u00e4che von 3945 ha.<\/p>\n\n\n\n<p>Hier leben 551 Einwohner (Stand per 30.06.2015). Die erste urkundliche Erw\u00e4hnung fanden die D\u00f6rfer der Gemeinde Halenbeck-Rohlsdorf 1325. Im Gemeindegebiet entspringen die D\u00f6mnitz, die Rednitz und die Stepenitz. Die h\u00f6chste Erhebung sind die \u201eWarnsdorfer H\u00f6hen\u201c mit 153,9 Meter \u00fcber NN und auch sonst gibt es Naturdenkm\u00e4ler, Kirchen, liebevoll gestaltete H\u00e4user und G\u00e4rten, Rad- und Wanderwege, die entdeckt werden wollen.<\/p>\n","protected":false},"excerpt":{"rendered":"<p>Herzlich Willkommen in der Gemeinde Halenbeck-Rohlsdorf Die Gemeinde Halenbeck-Rohlsdorf liegt jeweils ca. 16 km nord\u00f6stlich der Stadt Pritzwalk und nordwestlich von Wittstock \/ Dosse im Nordosten des Landkreises Prignitz. Im &hellip; <\/p>\n<p class=\"link-more\"><a href=\"http:\/\/halenbeck-rohlsdorf.info\/?page_id=74\" class=\"more-link\"><span class=\"screen-reader-text\">\u201eUnsere D\u00f6rfer\u201c<\/span> weiterlesen<\/a><\/p>\n","protected":false},"author":1,"featured_media":0,"parent":0,"menu_order":0,"comment_status":"closed","ping_status":"closed","template":"","meta":{"_EventAllDay":false,"_EventTimezone":"","_EventStartDate":"","_EventEndDate":"","_EventStartDateUTC":"","_EventEndDateUTC":"","_EventShowMap":false,"_EventShowMapLink":false,"_EventURL":"","_EventCost":"","_EventCostDescription":"","_EventCurrencySymbol":"","_EventCurrencyPosition":"","_EventDateTimeSeparator":"","_EventTimeRangeSeparator":"","_EventOrganizerID":[],"_EventVenueID":0,"_OrganizerEmail":"","_OrganizerPhone":"","_OrganizerWebsite":"","_VenueAddress":"","_VenueCity":"","_VenueCountry":"","_VenueProvince":"","_VenueZip":"","_VenuePhone":"","_VenueURL":"","_VenueStateProvince":"","_VenueLat":"","_VenueLng":""},"_links":{"self":[{"href":"http:\/\/halenbeck-rohlsdorf.info\/index.php?rest_route=\/wp\/v2\/pages\/74"}],"collection":[{"href":"http:\/\/halenbeck-rohlsdorf.info\/index.php?rest_route=\/wp\/v2\/pages"}],"about":[{"href":"http:\/\/halenbeck-rohlsdorf.info\/index.php?rest_route=\/wp\/v2\/types\/page"}],"author":[{"embeddable":true,"href":"http:\/\/halenbeck-rohlsdorf.info\/index.php?rest_route=\/wp\/v2\/users\/1"}],"replies":[{"embeddable":true,"href":"http:\/\/halenbeck-rohlsdorf.info\/index.php?rest_route=%2Fwp%2Fv2%2Fcomments&post=74"}],"version-history":[{"count":4,"href":"http:\/\/halenbeck-rohlsdorf.info\/index.php?rest_route=\/wp\/v2\/pages\/74\/revisions"}],"predecessor-version":[{"id":267,"href":"http:\/\/halenbeck-rohlsdorf.info\/index.php?rest_route=\/wp\/v2\/pages\/74\/revisions\/267"}],"wp:attachment":[{"href":"http:\/\/halenbeck-rohlsdorf.info\/index.php?rest_route=%2Fwp%2Fv2%2Fmedia&parent=74"}],"curies":[{"name":"wp","href":"https:\/\/api.w.org\/{rel}","templated":true}]}}