{"id":78,"date":"2020-07-07T16:25:44","date_gmt":"2020-07-07T14:25:44","guid":{"rendered":"http:\/\/halenbeck-rohlsdorf.info\/?page_id=78"},"modified":"2020-09-05T20:15:52","modified_gmt":"2020-09-05T18:15:52","slug":"halenbeck","status":"publish","type":"page","link":"http:\/\/halenbeck-rohlsdorf.info\/?page_id=78","title":{"rendered":"Halenbeck"},"content":{"rendered":"\n<p>Das als Angerdorf angelegte Halenbeck wurde erstmals 1325 als \u201eHole Beke\u201c urkundlich erw\u00e4hnt. Der Name wird auf die Lage der Ansiedlung in einer Senke (Hohle B\u00e4ke, Schlucht) zur\u00fcckgef\u00fchrt.<\/p>\n\n\n\n<p>Die erste Ansiedlung erfolgte vermutlich im Umfeld der Kirche, am unteren \u00f6stlichen Ende und erweiterte sich im Laufe der folgenden Jahrhunderte Richtung Westen. Der urspr\u00fcnglich zur Herrschaft Meyenburg geh\u00f6rende Ort wurde 1496 dem Stift Heiligengrabe \u00fcbertragen.<\/p>\n\n\n\n<p>Der im Westen der heutigen Ortslage befindliche Gutsbesitz wurde 1928 mit dem Ort vereinigt. 1946 wurden entlang der heutigen \u201eGartenstra\u00dfe\u201c und der \u201eWaldstra\u00dfe\u201c insgesamt 86 Neubauern angesiedelt und somit eine zus\u00e4tzliche Siedlungsachse, parallel zur \u201ePritzwalker Stra\u00dfe\u201c, geschaffen. Die \u00e4ltesten geb\u00e4ude sind die Fachwerkkirche von 1654, das Wohnhaus Pritzwalker Stra\u00dfe 4 aus dem 18. Jahrhundert sowie die ehemalige Schule, das heutige Gemeindehaus. Die Kirche wurde als Fachwerkkirche ohne Turm erbaut. Sie wurde von 1991 \u2013 1998 umfangreich saniert. Die freiwillige Feuerwehr wurde im Fr\u00fchjahr 1913 gegr\u00fcndet.<\/p>\n","protected":false},"excerpt":{"rendered":"<p>Das als Angerdorf angelegte Halenbeck wurde erstmals 1325 als \u201eHole Beke\u201c urkundlich erw\u00e4hnt. Der Name wird auf die Lage der Ansiedlung in einer Senke (Hohle B\u00e4ke, Schlucht) zur\u00fcckgef\u00fchrt. Die erste &hellip; <\/p>\n<p class=\"link-more\"><a href=\"http:\/\/halenbeck-rohlsdorf.info\/?page_id=78\" class=\"more-link\"><span class=\"screen-reader-text\">\u201eHalenbeck\u201c<\/span> weiterlesen<\/a><\/p>\n","protected":false},"author":1,"featured_media":0,"parent":74,"menu_order":3,"comment_status":"closed","ping_status":"closed","template":"","meta":{"_EventAllDay":false,"_EventTimezone":"","_EventStartDate":"","_EventEndDate":"","_EventStartDateUTC":"","_EventEndDateUTC":"","_EventShowMap":false,"_EventShowMapLink":false,"_EventURL":"","_EventCost":"","_EventCostDescription":"","_EventCurrencySymbol":"","_EventCurrencyPosition":"","_EventDateTimeSeparator":"","_EventTimeRangeSeparator":"","_EventOrganizerID":[],"_EventVenueID":0,"_OrganizerEmail":"","_OrganizerPhone":"","_OrganizerWebsite":"","_VenueAddress":"","_VenueCity":"","_VenueCountry":"","_VenueProvince":"","_VenueZip":"","_VenuePhone":"","_VenueURL":"","_VenueStateProvince":"","_VenueLat":"","_VenueLng":""},"_links":{"self":[{"href":"http:\/\/halenbeck-rohlsdorf.info\/index.php?rest_route=\/wp\/v2\/pages\/78"}],"collection":[{"href":"http:\/\/halenbeck-rohlsdorf.info\/index.php?rest_route=\/wp\/v2\/pages"}],"about":[{"href":"http:\/\/halenbeck-rohlsdorf.info\/index.php?rest_route=\/wp\/v2\/types\/page"}],"author":[{"embeddable":true,"href":"http:\/\/halenbeck-rohlsdorf.info\/index.php?rest_route=\/wp\/v2\/users\/1"}],"replies":[{"embeddable":true,"href":"http:\/\/halenbeck-rohlsdorf.info\/index.php?rest_route=%2Fwp%2Fv2%2Fcomments&post=78"}],"version-history":[{"count":3,"href":"http:\/\/halenbeck-rohlsdorf.info\/index.php?rest_route=\/wp\/v2\/pages\/78\/revisions"}],"predecessor-version":[{"id":122,"href":"http:\/\/halenbeck-rohlsdorf.info\/index.php?rest_route=\/wp\/v2\/pages\/78\/revisions\/122"}],"up":[{"embeddable":true,"href":"http:\/\/halenbeck-rohlsdorf.info\/index.php?rest_route=\/wp\/v2\/pages\/74"}],"wp:attachment":[{"href":"http:\/\/halenbeck-rohlsdorf.info\/index.php?rest_route=%2Fwp%2Fv2%2Fmedia&parent=78"}],"curies":[{"name":"wp","href":"https:\/\/api.w.org\/{rel}","templated":true}]}}